{"id":4255,"date":"2024-11-08T10:55:49","date_gmt":"2024-11-08T09:55:49","guid":{"rendered":"https:\/\/gemap.es\/legal-notice\/"},"modified":"2026-03-27T18:46:03","modified_gmt":"2026-03-27T17:46:03","slug":"legal-notice","status":"publish","type":"page","link":"https:\/\/gemap.es\/en\/legal-notice\/","title":{"rendered":"Legal notice"},"content":{"rendered":"\t\t<div data-elementor-type=\"wp-page\" data-elementor-id=\"4255\" class=\"elementor elementor-4255 elementor-235\" data-elementor-post-type=\"page\">\n\t\t\t\t<div class=\"elementor-element elementor-element-2594fda e-flex e-con-boxed e-con e-parent\" data-id=\"2594fda\" data-element_type=\"container\" data-e-type=\"container\" data-settings=\"{&quot;background_background&quot;:&quot;classic&quot;}\">\n\t\t\t\t\t<div class=\"e-con-inner\">\n\t\t<div class=\"elementor-element elementor-element-52b2e4d e-con-full e-flex e-con e-child\" data-id=\"52b2e4d\" data-element_type=\"container\" data-e-type=\"container\">\n\t\t\t\t<div class=\"elementor-element elementor-element-86f55fe elementor-widget elementor-widget-text-editor\" data-id=\"86f55fe\" data-element_type=\"widget\" data-e-type=\"widget\" data-widget_type=\"text-editor.default\">\n\t\t\t\t<div class=\"elementor-widget-container\">\n\t\t\t\t\t\t\t\t\t<p>Legal<\/p>\t\t\t\t\t\t\t\t<\/div>\n\t\t\t\t<\/div>\n\t\t\t\t<div class=\"elementor-element elementor-element-215541e elementor-widget elementor-widget-heading\" data-id=\"215541e\" data-element_type=\"widget\" data-e-type=\"widget\" data-widget_type=\"heading.default\">\n\t\t\t\t<div class=\"elementor-widget-container\">\n\t\t\t\t\t<h1 class=\"elementor-heading-title elementor-size-default\">Aviso Legal<\/h1>\t\t\t\t<\/div>\n\t\t\t\t<\/div>\n\t\t\t\t<\/div>\n\t\t\t\t\t<\/div>\n\t\t\t\t<\/div>\n\t\t<div class=\"elementor-element elementor-element-b14c283 e-flex e-con-boxed e-con e-parent\" data-id=\"b14c283\" data-element_type=\"container\" data-e-type=\"container\" data-settings=\"{&quot;background_background&quot;:&quot;classic&quot;}\">\n\t\t\t\t\t<div class=\"e-con-inner\">\n\t\t<div class=\"elementor-element elementor-element-0edea8a e-con-full e-flex e-con e-child\" data-id=\"0edea8a\" data-element_type=\"container\" data-e-type=\"container\">\n\t\t\t\t<div class=\"elementor-element elementor-element-4a6e0f6 elementor-widget elementor-widget-text-editor\" data-id=\"4a6e0f6\" data-element_type=\"widget\" data-e-type=\"widget\" data-widget_type=\"text-editor.default\">\n\t\t\t\t<div class=\"elementor-widget-container\">\n\t\t\t\t\t\t\t\t\t<h3>Condiciones generales<\/h3>\n<p>Antes de utilizar este sitio web de&nbsp;gemap.es (en adelante, propietario)&nbsp;rogamos lea detenidamente las siguientes condiciones de uso que rigen las condiciones de usabilidad y acceso al mismo. Usted podr\u00e1 utilizar el sitio web solamente si se compromete a aceptar estas condiciones de uso y no deber\u00e1 utilizarlo ni&nbsp;acceder al mismo si no las acepta en su totalidad. Por el hecho de utilizar o acceder a este sitio web, usted y la entidad de la cual usted es representante autorizado se comprometen a obligarse por estas condiciones de uso.<\/p><p><br><\/p>\n<h3>Modificaciones<\/h3>\n<p>El propietario&nbsp;podr\u00e1 revisar y actualizar en cualquier momento las presentes condiciones de uso. El hecho de continuar utilizando el sitio web tras la modificaci\u00f3n de dichas condiciones significar\u00e1 que usted acepta dichos cambios. A su sola discreci\u00f3n,&nbsp;la propietaria&nbsp;podr\u00e1 modificar, suplementar, eliminar o actualizar sin aviso previo cualquier aspecto del sitio web, as\u00ed como modificar los productos y servicios ofrecidos v\u00eda el sitio web o imponer cargos por los mismos. Cuando lo crea conveniente,&nbsp;la propietaria&nbsp;podr\u00e1 establecer o cambiar las pr\u00e1cticas generales y los l\u00edmites aplicables a otros de sus productos y servicios. Por todo ello, el usuario se obliga a revisar las presentes condiciones generales cada vez que acceda a la web.<\/p><p><br><\/p>\n<h3>Contenidos<\/h3>\n<p>La informaci\u00f3n contenida en este web es la vigente en la fecha de su \u00faltima actualizaci\u00f3n y debe ser considerada como informaci\u00f3n introductoria para el usuario relativa a los productos, servicios y otras informaciones contenidas en estas p\u00e1ginas. El propietario&nbsp;rechaza toda responsabilidad derivada del mal uso de los contenidos de la web y se reserva el derecho a actualizarlos cuando lo desee, eliminarlos y limitar o impedir el acceso a ellos, de forma temporal o definitiva.<\/p><p><br><\/p>\n<h3>Seguridad<\/h3>\n<p>El propietario&nbsp;no se responsabiliza de los posibles errores de seguridad que pudieran producirse por la utilizaci\u00f3n de ordenadores infectados con virus inform\u00e1ticos ni de las consecuencias que pudiesen derivarse del mal funcionamiento del navegador o por el uso de versiones no actualizadas del mismo.<\/p><p><br><\/p>\n<h3>Propiedad intelectual<\/h3>\n<p>Todos y cada uno de los derechos de propiedad asociados con el Sitio Web y su contenido pertenecen exclusivamente a la propietaria \u2013art\u00edculos, posts, p\u00e1ginas, textos, v\u00eddeos, tutoriales, postcast, im\u00e1genes, gr\u00e1ficos, infograf\u00edas, etc-. El Contenido est\u00e1 protegido por las leyes en materia de derechos de autor y otras normas legales. Otros elementos que aparecen en el Sitio Web son marcas registradas, marcas de servicio o presentaci\u00f3n comercial de la propietaria, sus afiliadas u otras entidades que han concedido a la propietaria el derecho y licencia para usar dichas Marcas, no pudiendo utilizarse ni causarse interferencia alguna respecto de las mismas sin el consentimiento expreso de la propietaria, formalizado por escrito. Salvo lo estipulado en sentido contrario en el presente, el propietario no le concede a usted derechos expresos o impl\u00edcitos sobre la Propiedad Intelectual de la propietaria o de terceros.<\/p><p><br><\/p>\n<h3>Acceso<\/h3>\n<p>El propietario le concede una licencia de car\u00e1cter limitado, personal, intransferible, revocable y no cesible mediante sublicencias. Dicha licencia le otorga el derecho:<\/p>\n<ul>\n<li>a) de utilizar y acceder al Sitio Web, el Contenido y los Servicios exclusivamente en la forma presentada por la propietaria, y<\/li>\n<li>b) de utilizar y acceder a los servicios inform\u00e1ticos y de red de el propietario ofrecidos en el \u00e1mbito del Sitio Web (los \u201cSistemas de el propietario\u201d) solamente en la forma expresamente permitida por el propietario.<\/li>\n<\/ul>\n<p>Con excepci\u00f3n de la mencionada licencia de car\u00e1cter limitado, la autorizaci\u00f3n que la propietaria le da para acceder al Sitio Web no brinda ning\u00fan otro derecho respecto de los Sistemas de la propietaria ni de la informaci\u00f3n o datos disponibles mediante dichos Sistemas (la \u201cInformaci\u00f3n\u201d), ni tampoco respecto del Contenido, de los Servicios, del Sitio Web ni de ning\u00fan otro elemento que sea propiedad de el propietario. Usted conviene en que el propietario, a su entera discreci\u00f3n, podr\u00e1 cancelar o suspender su uso del Sitio Web, los Sistemas de el propietario, la Informaci\u00f3n, los Servicios y el Contenido cuando lo crea conveniente con motivos v\u00e1lidos o sin ellos, a su entera discreci\u00f3n, incluso si el acceso y uso contin\u00faan estando permitidos a otros. Inmediatamente despu\u00e9s de dicha suspensi\u00f3n o cancelaci\u00f3n usted deber\u00e1:<\/p>\n<ul>\n<li>a) dejar de usar el Sitio Web, y<\/li>\n<li>b) destruir todas las copias que haya hecho de partes del Contenido<\/li>\n<\/ul>\n<p>El acceso al Sitio Web, los Sistemas de la propietaria, la Informaci\u00f3n o los Servicios despu\u00e9s de dicha cancelaci\u00f3n, suspensi\u00f3n o cesaci\u00f3n constituir\u00e1 un acto de intrusi\u00f3n. Usted conviene en que el propietario no ser\u00e1 responsable ante usted ni ante terceros por la cancelaci\u00f3n o suspensi\u00f3n de su acceso al Sitio Web, los Sistemas de el propietario, la Informaci\u00f3n y\/o los Servicios.<\/p><p><br><\/p>\n<h3>Restricciones aplicables al uso del sitio web<\/h3>\n<p>Excepto en la medida en que ello sea requerido por ley o expresamente estipulado en el presente, ni el Contenido ni la Informaci\u00f3n podr\u00e1n ser analizados mediante t\u00e9cnicas de ingenier\u00eda inversa, modificados, reproducidos, publicados de nuevo, traducidos a otro idioma o lenguaje inform\u00e1tico, retransmitidos de ninguna forma o por ning\u00fan medio, revendidos o redistribuidos sin la autorizaci\u00f3n previa de la propietaria otorgada por escrito. Queda prohibido crear, vender, poner a la venta, modificar, reproducir, exhibir, representar en p\u00fablico, importar, distribuir, retransmitir o utilizar el Contenido en modo alguno sin el consentimiento expreso de la propietaria. Adem\u00e1s de aceptar las dem\u00e1s restricciones enumeradas en estas Condiciones de Uso,&nbsp;usted se obliga:<\/p>\n<ul>\n<li>a no disfrazar el origen de la informaci\u00f3n transmitida v\u00eda el Sitio Web.<\/li>\n<li>a no colocar informaci\u00f3n falsa o enga\u00f1osa en el Sitio Web.<\/li>\n<li>a no utilizar ni acceder a ning\u00fan servicio, informaci\u00f3n, aplicaci\u00f3n o software disponible v\u00eda el Sitio Web de formas prohibidas por el propietario.\n<ul>\n<li>a no introducir ni cargar en el Sitio Web informaci\u00f3n que contenga virus, caballos de Troya, gusanos, bombas l\u00f3gicas u otras rutinas inform\u00e1ticas cuyo fin sea da\u00f1ar, interceptar, expropiar o interferir con alg\u00fan sistema, el Sitio Web o la Informaci\u00f3n o que infrinja los derechos de Propiedad Intelectual de terceros.<\/li>\n<\/ul>\n<\/li>\n<li>a reconocer que ciertas \u00e1reas del Sitio Web estar\u00e1n reservadas a los clientes de el propietario.<\/li>\n<li>a no utilizar ni acceder al Sitio Web o a los Sistemas o Servicios de la propietaria de maneras que afecten adversamente la funci\u00f3n o el funcionamiento de los mismos, o que impidan a terceros autorizados acceder a los mismos.<\/li>\n<li>a no enmarcar el Contenido o la Informaci\u00f3n ni utilizar t\u00e9cnicas de enmarcaci\u00f3n para instalar un contorno alrededor de partes o aspectos del Contenido o la Informaci\u00f3n sin el consentimiento expreso de la propietaria otorgado por escrito.<\/li>\n<\/ul>\n<div>&nbsp;<\/div>\n<h3>Enlaces a otros sitios<\/h3>\n<p>El propietario rechaza toda responsabilidad sobre cualquier informaci\u00f3n no contenida en esta p\u00e1gina web y que, por lo tanto, no ha elaborado o no ha publicado con su nombre. De modo especial, rechaza toda responsabilidad sobre la informaci\u00f3n contenida en p\u00e1ginas web de terceras personas conectadas por enlaces (link) con las p\u00e1ginas web de el propietario.<\/p>\n<ul>\n<li>Enlaces de salida. El Sitio Web podr\u00e1 contener enlaces a sitios Web y recursos de terceros (denominados colectivamente los \u201cSitios Enlazados\u201d), los cuales se ofrecen s\u00f3lo a efectos pr\u00e1cticos y sin que ello implique auspicio alguno del contenido de los mismos por parte de la propietaria. La empresa no efect\u00faa manifestaci\u00f3n ni declaraci\u00f3n de garant\u00eda alguna sobre la correcci\u00f3n, el funcionamiento o la calidad del contenido, el software, los servicios o las aplicaciones encontrados en Sitios Enlazados, ni se responsabiliza de la disponibilidad, contenido o actividades de dichos sitios. Si usted decide acceder a Sitios Enlazados, lo hace bajo su propio riesgo y su uso de los mismos estar\u00e1 sujeto a las normas y a los t\u00e9rminos y condiciones de uso aplicables, incluyendo sin limitaci\u00f3n las normas de confidencialidad de tales sitios.<\/li>\n<li>Enlaces de entrada. En ausencia de un contrato de enlace con la propietaria, queda estrictamente prohibido enlazar con p\u00e1ginas del Sitio Web otras que&nbsp;http:\/\/gemap.es&nbsp;&nbsp;mediante enlaces de texto. Se proh\u00edbe a los sitios Web u otros dispositivos que enlacen con&nbsp;http:\/\/gemap.es&nbsp;o con cualquier p\u00e1gina disponible dentro del mismo que:\n<ul>\n<li>dupliquen el Contenido,<\/li>\n<li>utilicen un entorno de explorador o marco alrededor del Contenido,<\/li>\n<li>impliquen de alg\u00fan modo que la propietaria o alguna de sus afiliadas aprueban el sitio Web o sus productos,<\/li>\n<li>hagan declaraciones enga\u00f1osas sobre hechos reales, como por ejemplo su relaci\u00f3n con la propietaria o alguna de sus afiliadas,<\/li>\n<li>presenten informaci\u00f3n falsa sobre los productos y servicios de la propietaria, y<\/li>\n<li>utilicen un logo o marca comercial de la propietaria o de alguna de sus afiliadas sin la autorizaci\u00f3n previa de la propietaria otorgada por escrito.<\/li>\n<\/ul>\n<\/li>\n<\/ul>\n<div>&nbsp;<\/div>\n<h3>Limitaci\u00f3n de responsabilidad<\/h3>\n<p>En la medida en que as\u00ed lo permitan las normas legales, el propietario, sus afiliadas, licenciantes, proveedores o terceros mencionados en el sitio web declinan toda responsabilidad basada en garant\u00edas, incumplimientos contractuales, actos il\u00edcitos civiles, delitos u otras teor\u00edas jur\u00eddicas, por da\u00f1os y perjuicios accesorios, indirectos, ejemplares, punitorios, o emergentes, p\u00e9rdidas de ganancias o da\u00f1os y perjuicios resultantes de p\u00e9rdidas de datos o interrupciones de operaciones causados por el uso o la imposibilidad de usar el sitio web, los sistemas de la propietaria, la informaci\u00f3n, los servicios o el contenido, a\u00fan en el supuesto de que la propietaria haya sido notificada de la posibilidad de existencia de tales da\u00f1os.<\/p><p><br><\/p>\n<h3>Cumplimiento de las normas legales<\/h3>\n<p>Usted se compromete a utilizar el Sitio Web dando estricto cumplimiento a las leyes, normas y reglamentos aplicables y en formas que no afecten la imagen comercial ni la reputaci\u00f3n de la empresa. Asimismo se compromete a no ejecutar acto alguno que ponga a la propietaria en una situaci\u00f3n de violaci\u00f3n de las normas y leyes que le sean aplicables.<\/p><p><br><\/p>\n<h3>Integridad del acuerdo<\/h3>\n<p>Salvo que un contrato de licencia o contrato de servicio u otro acuerdo por escrito celebrado entre usted y la propietaria o la gu\u00eda de servicios y tarifas de La propietaria, seg\u00fan le sean aplicables, expresamente establezcan lo contrario, estas condiciones de uso constituir\u00e1n el acuerdo \u00edntegro de las partes respecto al uso del sitio web, los sistemas de la propietaria, cualquier software o servicios, informaci\u00f3n o contenido contenidos en los mismos, y reemplazar\u00e1n a cualquier discusi\u00f3n, comunicaci\u00f3n, conversaci\u00f3n o pacto anterior relacionado con el objeto del presente.<\/p>\t\t\t\t\t\t\t\t<\/div>\n\t\t\t\t<\/div>\n\t\t\t\t<\/div>\n\t\t<div class=\"elementor-element elementor-element-dbd4b27 e-con-full e-flex e-con e-child\" data-id=\"dbd4b27\" data-element_type=\"container\" data-e-type=\"container\">\n\t\t<div class=\"elementor-element elementor-element-c6f91f0 e-con-full e-flex e-con e-child\" data-id=\"c6f91f0\" data-element_type=\"container\" data-e-type=\"container\" data-settings=\"{&quot;motion_fx_motion_fx_scrolling&quot;:&quot;yes&quot;,&quot;sticky&quot;:&quot;top&quot;,&quot;sticky_offset&quot;:120,&quot;sticky_parent&quot;:&quot;yes&quot;,&quot;motion_fx_devices&quot;:[&quot;desktop&quot;,&quot;tablet&quot;,&quot;mobile&quot;],&quot;sticky_on&quot;:[&quot;desktop&quot;,&quot;tablet&quot;,&quot;mobile&quot;],&quot;sticky_effects_offset&quot;:0,&quot;sticky_anchor_link_offset&quot;:0}\">\n\t\t\t\t<div class=\"elementor-element elementor-element-9524e3f elementor-widget elementor-widget-nav-menu\" data-id=\"9524e3f\" data-element_type=\"widget\" data-e-type=\"widget\" data-settings=\"{&quot;layout&quot;:&quot;dropdown&quot;,&quot;submenu_icon&quot;:{&quot;value&quot;:&quot;&lt;svg aria-hidden=\\&quot;true\\&quot; class=\\&quot;e-font-icon-svg e-fas-caret-down\\&quot; viewBox=\\&quot;0 0 320 512\\&quot; xmlns=\\&quot;http:\\\/\\\/www.w3.org\\\/2000\\\/svg\\&quot;&gt;&lt;path d=\\&quot;M31.3 192h257.3c17.8 0 26.7 21.5 14.1 34.1L174.1 354.8c-7.8 7.8-20.5 7.8-28.3 0L17.2 226.1C4.6 213.5 13.5 192 31.3 192z\\&quot;&gt;&lt;\\\/path&gt;&lt;\\\/svg&gt;&quot;,&quot;library&quot;:&quot;fa-solid&quot;}}\" data-widget_type=\"nav-menu.default\">\n\t\t\t\t<div class=\"elementor-widget-container\">\n\t\t\t\t\t\t\t\t<nav class=\"elementor-nav-menu--dropdown elementor-nav-menu__container\" aria-hidden=\"true\">\n\t\t\t\t<ul id=\"menu-2-9524e3f\" class=\"elementor-nav-menu\"><li class=\"menu-item menu-item-type-custom menu-item-object-custom menu-item-4607\"><a href=\"https:\/\/gemap.es\/aviso-legal\/\" class=\"elementor-item\" tabindex=\"-1\">Legal noticie<\/a><\/li>\n<li class=\"menu-item menu-item-type-custom menu-item-object-custom menu-item-4608\"><a href=\"https:\/\/gemap.es\/politica-de-privacidad\/\" class=\"elementor-item\" tabindex=\"-1\">Privacy policy<\/a><\/li>\n<li class=\"menu-item menu-item-type-custom menu-item-object-custom menu-item-4609\"><a href=\"https:\/\/gemap.es\/politica-de-cookies\/\" class=\"elementor-item\" tabindex=\"-1\">Cookie policy<\/a><\/li>\n<\/ul>\t\t\t<\/nav>\n\t\t\t\t\t\t<\/div>\n\t\t\t\t<\/div>\n\t\t\t\t<\/div>\n\t\t\t\t<\/div>\n\t\t\t\t\t<\/div>\n\t\t\t\t<\/div>\n\t\t\t\t<\/div>\n\t\t","protected":false},"excerpt":{"rendered":"","protected":false},"author":1,"featured_media":0,"parent":0,"menu_order":0,"comment_status":"closed","ping_status":"closed","template":"","meta":{"_acf_changed":false,"footnotes":""},"class_list":["post-4255","page","type-page","status-publish","hentry"],"acf":[],"yoast_head":"<!-- This site is optimized with the Yoast SEO plugin v27.4 - https:\/\/yoast.com\/product\/yoast-seo-wordpress\/ -->\n<title>Legal notice | GEMAP<\/title>\n<meta name=\"description\" content=\"Access the legal information of the website, terms of use and mandatory details in accordance with current regulations.\" \/>\n<meta name=\"robots\" content=\"index, follow, max-snippet:-1, max-image-preview:large, max-video-preview:-1\" \/>\n<link rel=\"canonical\" href=\"https:\/\/gemap.es\/en\/legal-notice\/\" \/>\n<meta property=\"og:locale\" content=\"en_US\" \/>\n<meta property=\"og:type\" content=\"article\" \/>\n<meta property=\"og:title\" content=\"Legal notice | GEMAP\" \/>\n<meta property=\"og:description\" content=\"Access the legal information of the website, terms of use and mandatory details in accordance with current regulations.\" \/>\n<meta property=\"og:url\" content=\"https:\/\/gemap.es\/en\/legal-notice\/\" \/>\n<meta property=\"og:site_name\" content=\"Gemap\" \/>\n<meta property=\"article:publisher\" content=\"https:\/\/www.facebook.com\/gemap.ius\/\" \/>\n<meta property=\"article:modified_time\" content=\"2026-03-27T17:46:03+00:00\" \/>\n<meta name=\"twitter:card\" content=\"summary_large_image\" \/>\n<meta name=\"twitter:site\" content=\"@gemapius\" \/>\n<script type=\"application\/ld+json\" class=\"yoast-schema-graph\">{\"@context\":\"https:\\\/\\\/schema.org\",\"@graph\":[{\"@type\":\"WebPage\",\"@id\":\"https:\\\/\\\/gemap.es\\\/en\\\/legal-notice\\\/\",\"url\":\"https:\\\/\\\/gemap.es\\\/en\\\/legal-notice\\\/\",\"name\":\"Legal notice | GEMAP\",\"isPartOf\":{\"@id\":\"https:\\\/\\\/gemap.es\\\/en\\\/#website\"},\"datePublished\":\"2024-11-08T09:55:49+00:00\",\"dateModified\":\"2026-03-27T17:46:03+00:00\",\"description\":\"Access the legal information of the website, terms of use and mandatory details in accordance with current regulations.\",\"breadcrumb\":{\"@id\":\"https:\\\/\\\/gemap.es\\\/en\\\/legal-notice\\\/#breadcrumb\"},\"inLanguage\":\"en-US\",\"potentialAction\":[{\"@type\":\"ReadAction\",\"target\":[\"https:\\\/\\\/gemap.es\\\/en\\\/legal-notice\\\/\"]}]},{\"@type\":\"BreadcrumbList\",\"@id\":\"https:\\\/\\\/gemap.es\\\/en\\\/legal-notice\\\/#breadcrumb\",\"itemListElement\":[{\"@type\":\"ListItem\",\"position\":1,\"name\":\"Portada\",\"item\":\"https:\\\/\\\/gemap.es\\\/en\\\/home\\\/\"},{\"@type\":\"ListItem\",\"position\":2,\"name\":\"Legal notice\"}]},{\"@type\":\"WebSite\",\"@id\":\"https:\\\/\\\/gemap.es\\\/en\\\/#website\",\"url\":\"https:\\\/\\\/gemap.es\\\/en\\\/\",\"name\":\"Gemap\",\"description\":\"By your side\",\"publisher\":{\"@id\":\"https:\\\/\\\/gemap.es\\\/en\\\/#organization\"},\"potentialAction\":[{\"@type\":\"SearchAction\",\"target\":{\"@type\":\"EntryPoint\",\"urlTemplate\":\"https:\\\/\\\/gemap.es\\\/en\\\/?s={search_term_string}\"},\"query-input\":{\"@type\":\"PropertyValueSpecification\",\"valueRequired\":true,\"valueName\":\"search_term_string\"}}],\"inLanguage\":\"en-US\"},{\"@type\":\"Organization\",\"@id\":\"https:\\\/\\\/gemap.es\\\/en\\\/#organization\",\"name\":\"Gemap\",\"url\":\"https:\\\/\\\/gemap.es\\\/en\\\/\",\"logo\":{\"@type\":\"ImageObject\",\"inLanguage\":\"en-US\",\"@id\":\"https:\\\/\\\/gemap.es\\\/en\\\/#\\\/schema\\\/logo\\\/image\\\/\",\"url\":\"https:\\\/\\\/gemap.es\\\/wp-content\\\/uploads\\\/2024\\\/11\\\/logo.svg\",\"contentUrl\":\"https:\\\/\\\/gemap.es\\\/wp-content\\\/uploads\\\/2024\\\/11\\\/logo.svg\",\"width\":340,\"height\":106,\"caption\":\"Gemap\"},\"image\":{\"@id\":\"https:\\\/\\\/gemap.es\\\/en\\\/#\\\/schema\\\/logo\\\/image\\\/\"},\"sameAs\":[\"https:\\\/\\\/www.facebook.com\\\/gemap.ius\\\/\",\"https:\\\/\\\/x.com\\\/gemapius\",\"https:\\\/\\\/www.instagram.com\\\/gemap_asesoria\\\/\"]}]}<\/script>\n<!-- \/ Yoast SEO plugin. -->","yoast_head_json":{"title":"Legal notice | GEMAP","description":"Access the legal information of the website, terms of use and mandatory details in accordance with current regulations.","robots":{"index":"index","follow":"follow","max-snippet":"max-snippet:-1","max-image-preview":"max-image-preview:large","max-video-preview":"max-video-preview:-1"},"canonical":"https:\/\/gemap.es\/en\/legal-notice\/","og_locale":"en_US","og_type":"article","og_title":"Legal notice | GEMAP","og_description":"Access the legal information of the website, terms of use and mandatory details in accordance with current regulations.","og_url":"https:\/\/gemap.es\/en\/legal-notice\/","og_site_name":"Gemap","article_publisher":"https:\/\/www.facebook.com\/gemap.ius\/","article_modified_time":"2026-03-27T17:46:03+00:00","twitter_card":"summary_large_image","twitter_site":"@gemapius","schema":{"@context":"https:\/\/schema.org","@graph":[{"@type":"WebPage","@id":"https:\/\/gemap.es\/en\/legal-notice\/","url":"https:\/\/gemap.es\/en\/legal-notice\/","name":"Legal notice | GEMAP","isPartOf":{"@id":"https:\/\/gemap.es\/en\/#website"},"datePublished":"2024-11-08T09:55:49+00:00","dateModified":"2026-03-27T17:46:03+00:00","description":"Access the legal information of the website, terms of use and mandatory details in accordance with current regulations.","breadcrumb":{"@id":"https:\/\/gemap.es\/en\/legal-notice\/#breadcrumb"},"inLanguage":"en-US","potentialAction":[{"@type":"ReadAction","target":["https:\/\/gemap.es\/en\/legal-notice\/"]}]},{"@type":"BreadcrumbList","@id":"https:\/\/gemap.es\/en\/legal-notice\/#breadcrumb","itemListElement":[{"@type":"ListItem","position":1,"name":"Portada","item":"https:\/\/gemap.es\/en\/home\/"},{"@type":"ListItem","position":2,"name":"Legal notice"}]},{"@type":"WebSite","@id":"https:\/\/gemap.es\/en\/#website","url":"https:\/\/gemap.es\/en\/","name":"Gemap","description":"By your side","publisher":{"@id":"https:\/\/gemap.es\/en\/#organization"},"potentialAction":[{"@type":"SearchAction","target":{"@type":"EntryPoint","urlTemplate":"https:\/\/gemap.es\/en\/?s={search_term_string}"},"query-input":{"@type":"PropertyValueSpecification","valueRequired":true,"valueName":"search_term_string"}}],"inLanguage":"en-US"},{"@type":"Organization","@id":"https:\/\/gemap.es\/en\/#organization","name":"Gemap","url":"https:\/\/gemap.es\/en\/","logo":{"@type":"ImageObject","inLanguage":"en-US","@id":"https:\/\/gemap.es\/en\/#\/schema\/logo\/image\/","url":"https:\/\/gemap.es\/wp-content\/uploads\/2024\/11\/logo.svg","contentUrl":"https:\/\/gemap.es\/wp-content\/uploads\/2024\/11\/logo.svg","width":340,"height":106,"caption":"Gemap"},"image":{"@id":"https:\/\/gemap.es\/en\/#\/schema\/logo\/image\/"},"sameAs":["https:\/\/www.facebook.com\/gemap.ius\/","https:\/\/x.com\/gemapius","https:\/\/www.instagram.com\/gemap_asesoria\/"]}]}},"_links":{"self":[{"href":"https:\/\/gemap.es\/en\/wp-json\/wp\/v2\/pages\/4255","targetHints":{"allow":["GET"]}}],"collection":[{"href":"https:\/\/gemap.es\/en\/wp-json\/wp\/v2\/pages"}],"about":[{"href":"https:\/\/gemap.es\/en\/wp-json\/wp\/v2\/types\/page"}],"author":[{"embeddable":true,"href":"https:\/\/gemap.es\/en\/wp-json\/wp\/v2\/users\/1"}],"replies":[{"embeddable":true,"href":"https:\/\/gemap.es\/en\/wp-json\/wp\/v2\/comments?post=4255"}],"version-history":[{"count":1,"href":"https:\/\/gemap.es\/en\/wp-json\/wp\/v2\/pages\/4255\/revisions"}],"predecessor-version":[{"id":6657,"href":"https:\/\/gemap.es\/en\/wp-json\/wp\/v2\/pages\/4255\/revisions\/6657"}],"wp:attachment":[{"href":"https:\/\/gemap.es\/en\/wp-json\/wp\/v2\/media?parent=4255"}],"curies":[{"name":"wp","href":"https:\/\/api.w.org\/{rel}","templated":true}]}}